{"id":3,"date":"2023-08-17T16:41:37","date_gmt":"2023-08-17T16:41:37","guid":{"rendered":"https:\/\/tayd.kgappss.com\/?page_id=3"},"modified":"2023-09-01T00:25:28","modified_gmt":"2023-09-01T00:25:28","slug":"privacy","status":"publish","type":"page","link":"https:\/\/tayd.kgappss.com\/","title":{"rendered":"Privacy"},"content":{"rendered":"\t\t<div data-elementor-type=\"wp-page\" data-elementor-id=\"3\" class=\"elementor elementor-3\">\n\t\t\t\t\t\t\t\t\t<section class=\"elementor-section elementor-top-section elementor-element elementor-element-385fc2b elementor-section-boxed elementor-section-height-default elementor-section-height-default\" data-id=\"385fc2b\" data-element_type=\"section\">\n\t\t\t\t\t\t<div class=\"elementor-container elementor-column-gap-default\">\n\t\t\t\t\t<div class=\"elementor-column elementor-col-100 elementor-top-column elementor-element elementor-element-157036a\" data-id=\"157036a\" data-element_type=\"column\">\n\t\t\t<div class=\"elementor-widget-wrap elementor-element-populated\">\n\t\t\t\t\t\t\t\t<div class=\"elementor-element elementor-element-954a2a2 elementor-widget elementor-widget-text-editor\" data-id=\"954a2a2\" data-element_type=\"widget\" data-widget_type=\"text-editor.default\">\n\t\t\t\t<div class=\"elementor-widget-container\">\n\t\t\t<style>\/*! elementor - v3.15.0 - 09-08-2023 *\/\n.elementor-widget-text-editor.elementor-drop-cap-view-stacked .elementor-drop-cap{background-color:#69727d;color:#fff}.elementor-widget-text-editor.elementor-drop-cap-view-framed .elementor-drop-cap{color:#69727d;border:3px solid;background-color:transparent}.elementor-widget-text-editor:not(.elementor-drop-cap-view-default) .elementor-drop-cap{margin-top:8px}.elementor-widget-text-editor:not(.elementor-drop-cap-view-default) .elementor-drop-cap-letter{width:1em;height:1em}.elementor-widget-text-editor .elementor-drop-cap{float:left;text-align:center;line-height:1;font-size:50px}.elementor-widget-text-editor .elementor-drop-cap-letter{display:inline-block}<\/style>\t\t\t\t<p>\u00daltima actualizaci\u00f3n: 01 de Julio de 2023<\/p><p>Agradecemos tu confianza en TAYD, una aplicaci\u00f3n desarrollada por TAYD (&#8220;nosotros&#8221;, &#8220;nuestro&#8221; o &#8220;nos&#8221;). La privacidad y seguridad de tus datos personales y sensibles son de suma importancia para nosotros. Esta Pol\u00edtica de Privacidad tiene como objetivo proporcionarte una comprensi\u00f3n completa de c\u00f3mo accedemos, recopilamos, utilizamos y compartimos tus datos.<\/p><p><strong>1. Tipos de Datos Recopilados<\/strong><\/p><p>1.1. Informaci\u00f3n de Registro: Al registrarte en TAYD, te solicitamos tu nombre, direcci\u00f3n de correo electr\u00f3nico y un ID de usuario \u00fanico. Esta informaci\u00f3n es esencial para establecer y gestionar tu cuenta, as\u00ed como para personalizar tu experiencia en la aplicaci\u00f3n.<\/p><p>1.2. Contenido Generado por el Usuario: TAYD te brinda la posibilidad de contratar servicios de limpieza. Estos contenidos se almacenan en nuestros servidores y se presentan a otros usuarios en la plataforma.<\/p><p>1.3. Datos de Uso: Recopilamos datos sobre c\u00f3mo utilizas la aplicaci\u00f3n, incluidos tus patrones de interacci\u00f3n, las fotos que ves, los perfiles que visitas y las acciones que realizas. Esto nos ayuda a mejorar la funcionalidad y el dise\u00f1o de la aplicaci\u00f3n.<\/p><p><strong>2. Uso de los Datos<\/strong><\/p><p>2.1. Uso de Datos Personales: Los datos que nos proporcionas se utilizan para administrar y mantener tu cuenta, brindarte acceso completo a las caracter\u00edsticas de la aplicaci\u00f3n, personalizar tu experiencia y ofrecerte informaci\u00f3n sobre actualizaciones y novedades.<\/p><p>2.2. Comunicaciones: De vez en cuando, podemos enviarte correos electr\u00f3nicos o notificaciones para informarte sobre mejoras, eventos y oportunidades en TAYD. Puedes optar por no recibir estas comunicaciones en cualquier momento.<\/p><p>2.3. Mejora de la Aplicaci\u00f3n: Analizamos los datos recopilados para entender c\u00f3mo los usuarios interact\u00faan con TAYD y para mejorar la calidad de la aplicaci\u00f3n. Esto incluye la optimizaci\u00f3n de caracter\u00edsticas y la creaci\u00f3n de contenido m\u00e1s relevante.<\/p><p>2.4. Compartir con Terceros: En ning\u00fan caso venderemos ni alquilaremos tus datos personales a terceros. Sin embargo, tus fotos y videos de ganado pueden ser vistos por otros usuarios de la aplicaci\u00f3n. No compartiremos tus datos personales con terceros sin tu consentimiento, excepto en las circunstancias descritas en esta Pol\u00edtica.<\/p><p><strong>3. Procedimientos de Seguridad<\/strong><\/p><p>Hemos implementado medidas de seguridad s\u00f3lidas para proteger tus datos personales y sensibles contra accesos no autorizados, divulgaci\u00f3n o alteraci\u00f3n. Utilizamos protocolos de cifrado y sistemas de autenticaci\u00f3n para salvaguardar la confidencialidad de tu informaci\u00f3n.<\/p><p><strong>4. Conservaci\u00f3n y Eliminaci\u00f3n de Datos<\/strong><\/p><p>Mantendremos tus datos personales durante el tiempo que tu cuenta est\u00e9 activa o seg\u00fan lo requieran nuestras obligaciones legales. Si decides eliminar tu cuenta, procederemos a eliminar tus datos personales y contenido asociado de acuerdo con nuestras pol\u00edticas.<\/p><p><strong>5. Cambios en esta Pol\u00edtica<\/strong><\/p><p>Nos reservamos el derecho de actualizar esta Pol\u00edtica de Privacidad en cualquier momento. Te notificaremos sobre cambios significativos en nuestras pr\u00e1cticas de privacidad. Te recomendamos revisar esta Pol\u00edtica peri\u00f3dicamente.<\/p><p>Si tienes preguntas acerca de esta Pol\u00edtica de Privacidad o sobre tus datos, no dudes en contactarnos a trav\u00e9s de desarollo@tayd.com.<\/p><p>Gracias por elegir TAYD.<\/p><p>TAYD<br \/>Tabasco, M\u00e9xico.<br \/>desarrollo@tayd.com<\/p>\t\t\t\t\t\t<\/div>\n\t\t\t\t<\/div>\n\t\t\t\t\t<\/div>\n\t\t<\/div>\n\t\t\t\t\t\t\t<\/div>\n\t\t<\/section>\n\t\t\t\t\t\t\t<\/div>\n\t\t","protected":false},"excerpt":{"rendered":"<p>\u00daltima actualizaci\u00f3n: 01 de Julio de 2023 Agradecemos tu confianza en TAYD, una aplicaci\u00f3n desarrollada por TAYD (&#8220;nosotros&#8221;, &#8220;nuestro&#8221; o &#8220;nos&#8221;). La privacidad y seguridad de tus datos personales y sensibles son de suma importancia para nosotros. Esta Pol\u00edtica de Privacidad tiene como objetivo proporcionarte una comprensi\u00f3n completa de c\u00f3mo accedemos, recopilamos, utilizamos y compartimos &hellip;<\/p>\n<p class=\"read-more\"> <a class=\"\" href=\"https:\/\/tayd.kgappss.com\/\"> <span class=\"screen-reader-text\">Privacy<\/span> Read More &raquo;<\/a><\/p>\n","protected":false},"author":1,"featured_media":0,"parent":0,"menu_order":0,"comment_status":"closed","ping_status":"closed","template":"","meta":{"site-sidebar-layout":"no-sidebar","site-content-layout":"page-builder","ast-site-content-layout":"","site-content-style":"default","site-sidebar-style":"default","ast-global-header-display":"","ast-banner-title-visibility":"","ast-main-header-display":"","ast-hfb-above-header-display":"","ast-hfb-below-header-display":"","ast-hfb-mobile-header-display":"","site-post-title":"disabled","ast-breadcrumbs-content":"","ast-featured-img":"disabled","footer-sml-layout":"","theme-transparent-header-meta":"","adv-header-id-meta":"","stick-header-meta":"","header-above-stick-meta":"","header-main-stick-meta":"","header-below-stick-meta":"","astra-migrate-meta-layouts":"","footnotes":""},"_links":{"self":[{"href":"https:\/\/tayd.kgappss.com\/index.php\/wp-json\/wp\/v2\/pages\/3"}],"collection":[{"href":"https:\/\/tayd.kgappss.com\/index.php\/wp-json\/wp\/v2\/pages"}],"about":[{"href":"https:\/\/tayd.kgappss.com\/index.php\/wp-json\/wp\/v2\/types\/page"}],"author":[{"embeddable":true,"href":"https:\/\/tayd.kgappss.com\/index.php\/wp-json\/wp\/v2\/users\/1"}],"replies":[{"embeddable":true,"href":"https:\/\/tayd.kgappss.com\/index.php\/wp-json\/wp\/v2\/comments?post=3"}],"version-history":[{"count":17,"href":"https:\/\/tayd.kgappss.com\/index.php\/wp-json\/wp\/v2\/pages\/3\/revisions"}],"predecessor-version":[{"id":568,"href":"https:\/\/tayd.kgappss.com\/index.php\/wp-json\/wp\/v2\/pages\/3\/revisions\/568"}],"wp:attachment":[{"href":"https:\/\/tayd.kgappss.com\/index.php\/wp-json\/wp\/v2\/media?parent=3"}],"curies":[{"name":"wp","href":"https:\/\/api.w.org\/{rel}","templated":true}]}}